{"id":3200,"date":"2023-08-28T11:06:01","date_gmt":"2023-08-28T09:06:01","guid":{"rendered":"https:\/\/www.prismatech.it\/?post_type=product&#038;p=3200"},"modified":"2025-05-09T10:00:20","modified_gmt":"2025-05-09T08:00:20","slug":"remin-tech-remineralizzazione-acqua","status":"publish","type":"product","link":"https:\/\/www.prismatech.it\/it\/prodotti\/remin-tech-remineralizzazione-acqua\/","title":{"rendered":"Remineralizzazione acqua"},"content":{"rendered":"<p>La remineralizzazione rappresenta una fase essenziale nel processo di trattamento dell&#8217;acqua, soprattutto in sistemi che coinvolgono l&#8217;osmosi inversa, poich\u00e9 questa tecnologia tende a rimuovere non solo le impurit\u00e0 e i contaminanti, ma anche i minerali essenziali dall&#8217;acqua.<\/p>\n<p>La <strong>remineralizzazione acqua <\/strong>\u00e8 un processo che coinvolge l\u2019aggiunta di minerali essenziali all\u2019acqua potabile al fine di ripristinare o migliorare il contenuto minerale per migliorarne la qualit\u00e0 e renderla adatta al consumo umano.<\/p>\n<p>Questo processo di reintegrazione minerale \u00e8 di particolare importanza in ambiti come il trattamento dell&#8217;acqua potabile, dove \u00e8 cruciale fornire agli utenti finali un&#8217;acqua sicura e nutriente. La selezione dei minerali da aggiungere all&#8217;acqua pu\u00f2 variare in base alle specifiche esigenze nutrizionali locali, alle caratteristiche chimiche dell&#8217;acqua da trattare, come il pH dell\u2019acqua, e alle preferenze dei consumatori.<\/p>\n<p>Inoltre, la remineralizzazione acqua pu\u00f2 essere richiesta in alcuni processi nelle linee di produzione bevande, quando \u00e8 necessario arrivare ad una conducibilit\u00e0 di acqua particolare. Esistono due possibilit\u00e0 per la remineralizzazione dell\u2019acqua osmotizzata o dell\u2019acqua filtrata:<\/p>\n<ul>\n<li><strong>Bypass sull\u2019impianto di osmosi inversa:<\/strong> Questa opzione prevede la creazione di un bypass all&#8217;interno dell&#8217;impianto di osmosi inversa, attraverso il quale, una piccola quantit\u00e0 di minerali naturalmente presenti nell&#8217;acqua pu\u00f2 essere reintrodotta nell&#8217;acqua trattata. Questa acqua risultante pu\u00f2 essere utilizzata come acqua minerale in bottiglia o come acqua di base per la preparazione di bevande. Questo metodo sfrutta i minerali presenti nell&#8217;acqua di alimentazione per ottenere il risultato desiderato.<\/li>\n<li><strong>Processo di remineralizzazione su misura:<\/strong> In alternativa, \u00e8 possibile adottare un processo di remineralizzazione pi\u00f9 personalizzato e mirato. Questo processo prevede l&#8217;aggiunta di quantit\u00e0 precise e specifiche di minerali all&#8217;acqua trattata, in modo da creare un&#8217;acqua minerale su misura per le esigenze specifiche del processo di produzione. Questa opzione offre un controllo completo sulla composizione minerale dell&#8217;acqua, consentendo di ottenere un prodotto finale con caratteristiche esatte.<\/li>\n<\/ul>\n<p>Il trattamento dell&#8217;acqua \u00e8 un processo specializzato che richiede un&#8217;analisi dettagliata dell&#8217;acqua iniziale per comprendere appieno la composizione chimica e le impurit\u00e0 presenti. Questo processo \u00e8 cruciale per identificare le esigenze specifiche del trattamento dell&#8217;acqua e per stabilire gli obiettivi d&#8217;uso desiderati, in quanto i trattamenti di potabilizzazione variano a seconda dell\u2019impiego e del prodotto da preparare.<\/p>\n<p><strong>SOSTENIBILITA\u2019, EFFICIENZA E PERSONALIZZAZIONE<\/strong><\/p>\n<p>Progettati per offrire prestazioni elevate e massima affidabilit\u00e0, i <strong>sistemi REMIN-TECH <\/strong>PRISMATECH rispondono a qualsiasi esigenza di sicurezza richiesta.<\/p>\n<p>In ogni processo industriale per la produzione di bevande e trattamento acqua, garantiamo efficienza energetica, riduzione al minimo degli sfridi e la conservazione delle caratteristiche della bevanda per un prodotto di alta qualit\u00e0.<\/p>","protected":false},"excerpt":{"rendered":"<p>IMPIANTO DI REMINERALIZZAZIONE ACQUA<\/p>\n","protected":false},"featured_media":3439,"comment_status":"closed","ping_status":"closed","template":"","meta":{"content-type":"","inline_featured_image":false},"product_brand":[],"product_cat":[167],"product_tag":[],"class_list":{"0":"post-3200","1":"product","2":"type-product","3":"status-publish","4":"has-post-thumbnail","6":"product_cat-macchinari","8":"first","9":"instock","10":"shipping-taxable","11":"product-type-simple"},"acf":[],"_links":{"self":[{"href":"https:\/\/www.prismatech.it\/it\/wp-json\/wp\/v2\/product\/3200","targetHints":{"allow":["GET"]}}],"collection":[{"href":"https:\/\/www.prismatech.it\/it\/wp-json\/wp\/v2\/product"}],"about":[{"href":"https:\/\/www.prismatech.it\/it\/wp-json\/wp\/v2\/types\/product"}],"replies":[{"embeddable":true,"href":"https:\/\/www.prismatech.it\/it\/wp-json\/wp\/v2\/comments?post=3200"}],"wp:featuredmedia":[{"embeddable":true,"href":"https:\/\/www.prismatech.it\/it\/wp-json\/wp\/v2\/media\/3439"}],"wp:attachment":[{"href":"https:\/\/www.prismatech.it\/it\/wp-json\/wp\/v2\/media?parent=3200"}],"wp:term":[{"taxonomy":"product_brand","embeddable":true,"href":"https:\/\/www.prismatech.it\/it\/wp-json\/wp\/v2\/product_brand?post=3200"},{"taxonomy":"product_cat","embeddable":true,"href":"https:\/\/www.prismatech.it\/it\/wp-json\/wp\/v2\/product_cat?post=3200"},{"taxonomy":"product_tag","embeddable":true,"href":"https:\/\/www.prismatech.it\/it\/wp-json\/wp\/v2\/product_tag?post=3200"}],"curies":[{"name":"wp","href":"https:\/\/api.w.org\/{rel}","templated":true}]}}