{"id":139,"date":"2022-12-07T11:58:19","date_gmt":"2022-12-07T10:58:19","guid":{"rendered":"https:\/\/www.prismatech.it\/?post_type=product&#038;p=139"},"modified":"2025-05-09T10:07:36","modified_gmt":"2025-05-09T08:07:36","slug":"sanitech-clean-in-place","status":"publish","type":"product","link":"https:\/\/www.prismatech.it\/it\/prodotti\/clean-in-place-cip\/","title":{"rendered":"Clean-in-Place (CIP)"},"content":{"rendered":"<p>La pulizia e la sanificazione degli impianti sono indispensabili per il mantenimento dell\u2019efficienza dei processi produttivi e la qualit\u00e0 dei prodotti.<\/p>\n<p>I sistemi <strong>Clean-in-place (CIP) <\/strong> sono sistemi utilizzati principalmente nell&#8217;industria alimentare e delle bevande, farmaceutica e chimica per la pulizia e la disinfezione automatica degli impianti di produzione, come serbatoi, tubazioni, valvole e altre attrezzature, senza la necessit\u00e0 di smontarle manualmente. Essi soddisfano la crescente necessit\u00e0 di elevati standard di igiene e pulizia garantendo efficienza e riduzione dei tempi di inattivit\u00e0.<\/p>\n<p>Grazie alla continua ricerca in innovazione e attenzione alle esigenze del settore, gli <strong>impianti di lavaggio CIP<\/strong> di Prismatech sono costantemente ottimizzati e in continuo perfezionamento per offrire ai produttori soluzioni performanti ed efficientare i loro processi, contribuendo ad una produzione pi\u00f9 sostenibile.<\/p>\n<p>&nbsp;<\/p>\n<p>Vantaggi dei sistemi CIP di Prismatech:<\/p>\n<ul>\n<li><strong>Personalizzazione <\/strong><\/li>\n<\/ul>\n<p>Tutti i macchinari Prismatech sono predisposti per il lavaggio Cleaning-In-Place e ogni impianto CIP \u00e8 completamente personalizzabile a seconda del prodotto che si andr\u00e0 a lavare e delle portate richieste.<\/p>\n<p>&nbsp;<\/p>\n<ul>\n<li><strong>Garanzia qualit\u00e0 del prodotto<\/strong><\/li>\n<\/ul>\n<p>I sistemi CIP di Prismatech sono progettati per eliminare contaminanti o batteri responsabili di comprometterne la qualit\u00e0, assicurando l&#8217;eccellenza del prodotto finale.<\/p>\n<p>&nbsp;<\/p>\n<ul>\n<li><strong>Efficientamento produttivo ed energetico <\/strong><\/li>\n<\/ul>\n<p>I sistemi CIP di Prismatech incrementano l&#8217;efficienza delle operazioni di lavorazione delle bevande.\u00a0 Automatizzano pulizia e sanificazione si ottiene un notevole risparmio di tempo e costi di manodopera oltre alla riduzione del rischio di errori umani.<\/p>\n<p>&nbsp;<\/p>\n<ul>\n<li><strong>Neutralizzazione delle acque<\/strong><\/li>\n<\/ul>\n<p>La neutralizzazione delle acque di scarico mediante impianti CIP si riferisce al processo di trattamento delle acque di scarico per smaltirle in conformit\u00e0 con le normative locali e ambientali. Le acque di scarico generate durante la sanificazione dei macchinari possono contenere residui di prodotti chimici detergenti, batteri, impurit\u00e0 e sostanze organiche, che le rendono inquinanti e dannose per l&#8217;ambiente se scaricate senza trattamento.<\/p>\n<p><strong>\u00a0<\/strong><\/p>\n<ul>\n<li><strong>Riduzione dei costi<\/strong><\/li>\n<\/ul>\n<p>I sistemi CIP di Prismatech contribuiscono a diminuire i costi legati alla pulizia manuale e ai tempi di inattivit\u00e0 per la manutenzione delle apparecchiature. I nostri CIP assicurano inoltre una costante manutenzione delle apparecchiature riducendo il rischio di guasti e costose riparazioni. Il recupero di agenti di lavaggio, l\u2019ottimizzazione del <strong>sistema di riscaldamento<\/strong> e il riutilizzo dell&#8217;acqua negli impianti di lavaggio industriali di Prismatech permettono inoltre un ulteriore risparmio sui costi operativi.<\/p>\n<p>&nbsp;<\/p>\n<p><strong>AUTOMAZIONE, DURABILITA\u2019 E SOSTENIBILITA\u2019<\/strong><\/p>\n<p>Grazie ad una grande esperienza, i nostri tecnici possono consigliarvi ed aiutarvi nella configurazione pi\u00f9 adatta per il vostro impianto di produzione. Il costante investimento di Prismatech in Ricerca e Sviluppo degli impianti permette di offrire diverse opzioni di automazione, e soluzioni all\u2019avanguardia che offrono un grande <strong>risparmio energetico<\/strong> e <a href=\"https:\/\/www.prismatech.it\/le-nostre-soluzioni-per-limitare-gli-sprechi-idrici-ed-energetici-nei-processi-industriali\/\"><strong>risparmio idrico<\/strong><\/a>.<\/p>\n<p>I macchinari Prismatech sono costruiti in materiali resilienti con componenti di alta qualit\u00e0, offrendo i pi\u00f9 elevati standard del\u00a0Made-In-Italy.<\/p>\n<p>&nbsp;<\/p>\n<p><strong>FLESSIBILITA\u2019 E INTEGRAZIONE <\/strong><\/p>\n<p>Gli <strong>impianti di lavaggio<\/strong> offerti da Prismatech si integrano facilmente con qualsiasi linea di processo della filiera industriale di pi\u00f9 settori merceologici, rispondendo alle specifiche esigenze delle diverse industrie, fornendo soluzioni su misura che migliorano e ottimizzano la produzione.<\/p>\n<p>Prismatech offre inoltre una gamma di servizi che comprendono la revisione e il ricondizionamento di impianti di produzione esistenti e il loro ammodernamento.<\/p>","protected":false},"excerpt":{"rendered":"<p>IMPIANTO DI LAVAGGIO CLEAN-IN-PLACE (CIP)<\/p>\n","protected":false},"featured_media":3455,"comment_status":"open","ping_status":"closed","template":"","meta":{"content-type":"","inline_featured_image":false},"product_brand":[],"product_cat":[167,19,17],"product_tag":[],"class_list":{"0":"post-139","1":"product","2":"type-product","3":"status-publish","4":"has-post-thumbnail","6":"product_cat-macchinari","7":"product_cat-acqua","8":"product_cat-alimentare","10":"first","11":"instock","12":"shipping-taxable","13":"product-type-simple"},"acf":[],"_links":{"self":[{"href":"https:\/\/www.prismatech.it\/it\/wp-json\/wp\/v2\/product\/139","targetHints":{"allow":["GET"]}}],"collection":[{"href":"https:\/\/www.prismatech.it\/it\/wp-json\/wp\/v2\/product"}],"about":[{"href":"https:\/\/www.prismatech.it\/it\/wp-json\/wp\/v2\/types\/product"}],"replies":[{"embeddable":true,"href":"https:\/\/www.prismatech.it\/it\/wp-json\/wp\/v2\/comments?post=139"}],"wp:featuredmedia":[{"embeddable":true,"href":"https:\/\/www.prismatech.it\/it\/wp-json\/wp\/v2\/media\/3455"}],"wp:attachment":[{"href":"https:\/\/www.prismatech.it\/it\/wp-json\/wp\/v2\/media?parent=139"}],"wp:term":[{"taxonomy":"product_brand","embeddable":true,"href":"https:\/\/www.prismatech.it\/it\/wp-json\/wp\/v2\/product_brand?post=139"},{"taxonomy":"product_cat","embeddable":true,"href":"https:\/\/www.prismatech.it\/it\/wp-json\/wp\/v2\/product_cat?post=139"},{"taxonomy":"product_tag","embeddable":true,"href":"https:\/\/www.prismatech.it\/it\/wp-json\/wp\/v2\/product_tag?post=139"}],"curies":[{"name":"wp","href":"https:\/\/api.w.org\/{rel}","templated":true}]}}