{"id":137,"date":"2022-12-07T11:57:54","date_gmt":"2022-12-07T10:57:54","guid":{"rendered":"https:\/\/www.prismatech.it\/?post_type=product&#038;p=137"},"modified":"2025-05-09T10:06:29","modified_gmt":"2025-05-09T08:06:29","slug":"mix-tech-premix","status":"publish","type":"product","link":"https:\/\/www.prismatech.it\/it\/prodotti\/premix\/","title":{"rendered":"PREMIX"},"content":{"rendered":"<p>Il miscelatore di bevande MIX-TECH di Prismatech \u00e8 un sistema combinato automatico per la deaerazione, miscelazione e gassatura di bevande analcoliche e bevande alcoliche, quali:<\/p>\n<ul>\n<li>Bevande gassate (CSD)<\/li>\n<li>Bevande piatte (Soft drink)<\/li>\n<li>Bevande al malto<\/li>\n<li>Premiscelati analcolici (Mocktail)<\/li>\n<li>Premiscelati alcolici (Cocktail\/Alcopop)<\/li>\n<li>Bevande RTD (Ready-to-drink)<\/li>\n<li>Acqua aromatizzata (gassata e liscia)<\/li>\n<li>Bevande energetiche (Energy drink)<\/li>\n<li>Bevande isotoniche (Bevande sportive)<\/li>\n<\/ul>\n<p>Questo mixer per bevande \u00e8 un sistema modulare all\u2019avanguardia:<\/p>\n<ul>\n<li>L\u2019integrazione di un\u2019unit\u00e0 di dosaggio aromi permette la preparazione di acqua aromatizzata liscia e acqua gassata aromatizzata;<\/li>\n<li>L\u2019integrazione di un\u2019unit\u00e0 di dosaggio alcool consente la preparazione di bevande alcoliche in totale sicurezza.<\/li>\n<\/ul>\n<p>L\u2019impiego di un serbatoio di deaerazione orizzontale consente di aumentare il tempo di contatto e la dispersione dell&#8217;acqua, migliorando cos\u00ec la <strong>deaerazione<\/strong>. Il serbatoio \u00e8 inoltre dotato di un anello di ugelli multipli per una <strong>migliore nebulizzazione<\/strong> che permette di rimuovere una quantit\u00e0 ancora maggiore di ossigeno e di ottenere una <strong>carbonatazione persistente <\/strong>(prima e dopo l\u2019apertura del prodotto). Una migliore deaerazione pu\u00f2 essere ottenuta grazie all&#8217;implementazione di un <strong>doppio <\/strong>o <strong>triplo <\/strong>processo di deaerazione che aiuta l\u2019assorbimento di CO<sub>2<\/sub>.<\/p>\n<p>Con i <strong>sistemi di monitoraggio<\/strong> e <strong>sistemi di dosaggio<\/strong> <strong>Brix e CO<sub>2<\/sub><\/strong> ad alta precisione si ottiene una bibita finita che rispetta i parametri della ricetta, grazie anche al controllo in linea di cui \u00e8 dotata che autoregola eventuali errori di dosatura avvenuti nella fase di preparazione in <a href=\"https:\/\/www.prismatech.it\/prodotti\/sala-sciroppi\/\"><strong>sala sciroppi<\/strong> <\/a>.<\/p>\n<p>Il premixer \u00e8 completo di <strong>indicatori di livello elettronici<\/strong> per una lettura continua del livello della vasca e per un migliore controllo delle portate ed \u00e8 dotato di uno scambiatore a piastre di raffreddamento che aiuta non solo a ridurre la temperatura dell&#8217;acqua e dello sciroppo, consentendo non solo una<a href=\"https:\/\/www.prismatech.it\/lacqua-frizzante-dalle-sorgenti-naturali-al-saturatore-prismatech\/\"><strong> carbonatazione<\/strong> <\/a> pi\u00f9 stabile, ma anche a prevenire problemi di schiumatura durante i processi di preparazione e riempimento.<\/p>\n<p>Il software all\u2019avanguardia consente di visualizzare le <strong>tendenze dei dati<\/strong> relativi alla produzione del prodotto, nonch\u00e9 al dispendio di acqua, sciroppo e CO2, per una migliore precisione e prospettiva per il cliente, che potr\u00e0 cos\u00ec stimare con maggiore esattezza il consumo di energia e di ingredienti nelle produzioni presenti e future. Oltre al pannello di controllo PLC e touchscreen HMI per la gestione automatica di tutte le fasi di lavorazione e dei dati, altre opzioni di upgrade di automazione sono possibili:<\/p>\n<ul>\n<li>Unit\u00e0 di analisi rifrattometrica Brix per monitorare con accuratezza la quantit\u00e0 zuccherina sia nelle bibite analcoliche contenenti zucchero che nelle <strong>bibite diet<\/strong><\/li>\n<li>Unit\u00e0 di analisi CO<sub>2<\/sub> per la lettura del livello di anidride carbonica nelle bibite gassate<\/li>\n<li>Unit\u00e0 di analisi O<sub>2 <\/sub>per la lettura del livello di ossigeno nelle bevande<\/li>\n<\/ul>\n<p>&nbsp;<\/p>\n<p><strong>Maggiore compattezza per una spedizione e installazione semplificata: <\/strong>il premiscelatore MIX-TECH si presenta come <strong>un&#8217;unit\u00e0 compatta<\/strong> e <strong>poco ingombrante<\/strong>, non necessita di alcun smontaggio per il trasporto per cui \u00e8 sufficiente un singolo container.<\/p>\n<p><strong>SOSTENIBILITA\u2019, EFFICIENZA E PERSONALIZZAZIONE<\/strong><\/p>\n<p>Progettati per offrire prestazioni elevate e massima affidabilit\u00e0, i <strong>Premix Prismatech<\/strong> rispondono a qualsiasi esigenza di spazio e di processo, assicurando sempre un grande risparmio energetico.<\/p>\n<p>In ogni processo industriale per la produzione di bevande Prismatech garantisce l&#8217;efficienza energetica, la conservazione delle caratteristiche della bevanda per un prodotto di alta qualit\u00e0 e la riduzione al minimo degli sfridi.<\/p>","protected":false},"excerpt":{"rendered":"<p>IMPIANTO DI MISCELAZIONE E CARBONATAZIONE BEVANDE<\/p>\n<div id=\"gtx-trans\" style=\"position: absolute; left: -59px; top: 38px;\">\n<div class=\"gtx-trans-icon\"><\/div>\n<\/div>\n","protected":false},"featured_media":3453,"comment_status":"open","ping_status":"closed","template":"","meta":{"content-type":"","inline_featured_image":false},"product_brand":[],"product_cat":[17,167],"product_tag":[],"class_list":{"0":"post-137","1":"product","2":"type-product","3":"status-publish","4":"has-post-thumbnail","6":"product_cat-alimentare","7":"product_cat-macchinari","9":"first","10":"instock","11":"shipping-taxable","12":"product-type-simple"},"acf":[],"_links":{"self":[{"href":"https:\/\/www.prismatech.it\/it\/wp-json\/wp\/v2\/product\/137","targetHints":{"allow":["GET"]}}],"collection":[{"href":"https:\/\/www.prismatech.it\/it\/wp-json\/wp\/v2\/product"}],"about":[{"href":"https:\/\/www.prismatech.it\/it\/wp-json\/wp\/v2\/types\/product"}],"replies":[{"embeddable":true,"href":"https:\/\/www.prismatech.it\/it\/wp-json\/wp\/v2\/comments?post=137"}],"wp:featuredmedia":[{"embeddable":true,"href":"https:\/\/www.prismatech.it\/it\/wp-json\/wp\/v2\/media\/3453"}],"wp:attachment":[{"href":"https:\/\/www.prismatech.it\/it\/wp-json\/wp\/v2\/media?parent=137"}],"wp:term":[{"taxonomy":"product_brand","embeddable":true,"href":"https:\/\/www.prismatech.it\/it\/wp-json\/wp\/v2\/product_brand?post=137"},{"taxonomy":"product_cat","embeddable":true,"href":"https:\/\/www.prismatech.it\/it\/wp-json\/wp\/v2\/product_cat?post=137"},{"taxonomy":"product_tag","embeddable":true,"href":"https:\/\/www.prismatech.it\/it\/wp-json\/wp\/v2\/product_tag?post=137"}],"curies":[{"name":"wp","href":"https:\/\/api.w.org\/{rel}","templated":true}]}}