{"id":2998,"date":"2023-02-13T15:07:42","date_gmt":"2023-02-13T14:07:42","guid":{"rendered":"https:\/\/www.prismatech.it\/?page_id=2998"},"modified":"2026-04-14T11:51:15","modified_gmt":"2026-04-14T09:51:15","slug":"assistenza","status":"publish","type":"page","link":"https:\/\/www.prismatech.it\/it\/servizi\/assistenza\/","title":{"rendered":"Assistenza"},"content":{"rendered":"<p><\/p>\n<h3><strong>SEMPRE AL VOSTRO FIANCO PER UNA PRODUZIONE SENZA PENSIERI<\/strong><\/h3>\n<p>Il nostro servizio post-vendita\u00a0\u00e8 un servizio completo e personalizzato concepito per rispondere al meglio a tutte le necessit\u00e0 del cliente, garantendo un supporto di massimo livello sia in loco che a distanza:<\/p>\n<p><strong>Assistenza da remoto: <\/strong>un canale di comunicazione diretto per domande, informazioni aggiuntive o segnalazione problemi<\/p>\n<p><strong>Riparazioni e manutenzione<\/strong>: servizio di riparazione o manutenzione macchinari<\/p>\n<p><strong>Ricambi:<\/strong> gestione rapida delle richieste di sostituzione componenti<\/p>\n<p><strong>Revisione e ammodernamento<\/strong>: ricondizionamento di impianti di produzione esistenti<\/p>\n<p>&nbsp;<\/p>\n<h3><strong>PRISMASSIST: L\u2019EFFICIENZA A DISTANZA<\/strong><\/h3>\n<p>Tutti i nostri <strong>macchinari automatici<\/strong> sono dotati di un modulo di accesso da remoto che permette di collegarsi a distanza e agire in modo rapido e vantaggioso. Con il nostro servizio di teleassistenza <strong>PRISMASSIST<\/strong>\u00a0un operatore specializzato sar\u00e0 pronto a garantirvi supporto tecnico con diagnosi e risoluzione di eventuali errori, guasti e malfunzionamenti elettronici e meccanici.<br \/>\nGrazie alla nostra assistenza remota \u00e8 possibile ridurre al minimo i tempi di fermo macchina, aumentando cos\u00ec l&#8217;efficienza e le prestazioni di produzione.<\/p>\n<p>&nbsp;<\/p>\n<h3><strong>SCOPRI COME FUNZIONA IL SERVIZIO DI ASSISTENZA\u00a0<\/strong><\/h3>\n<p>Quando si verifica un problema con uno dei vostri macchinari, potete fare affidamento sul nostro dedicato team di supporto clienti. Saremo pronti a guidarvi e consigliarvi sulla soluzione pi\u00f9 adeguata alle vostre esigenze.<br \/>\nPrismatech \u00e8 il vostro partner di fiducia per ricevere un&#8217;assistenza di alta qualit\u00e0, poich\u00e9 mettiamo il vostro benessere e il corretto funzionamento dei vostri macchinari al centro delle nostre priorit\u00e0.<\/p>\n<p>&nbsp;<\/p>\n<h3><strong>VANTAGGI<\/strong><\/h3>\n<p><strong>Supporto rapido:<\/strong> Il nostro team di esperti \u00e8 sempre a vostra disposizione, pronto a fornire assistenza tempestiva e soluzioni efficaci.<\/p>\n<p><strong>Competenza e Professionalit\u00e0:<\/strong> I nostri operatori altamente qualificati sono pronti a offrirvi supporto tecnico, sia in loco che a distanza, con un alto grado di competenza e professionalit\u00e0.<\/p>\n<p><strong>Assistenza su misura:<\/strong> Riconosciamo che le esigenze e le problematiche possono variare da situazione a situazione e da impianto a impianto. Per questo motivo, ci adattiamo alle vostre necessit\u00e0, fornendo un servizio di assistenza personalizzato e su misura per ciascun cliente.<\/p>","protected":false},"excerpt":{"rendered":"<p>SEMPRE AL VOSTRO FIANCO PER UNA PRODUZIONE SENZA PENSIERI Il nostro servizio post-vendita\u00a0\u00e8 un servizio completo e personalizzato concepito per rispondere al meglio a tutte le necessit\u00e0 del cliente, garantendo un supporto di massimo livello sia in loco che a distanza: Assistenza da remoto: un canale di comunicazione diretto per domande, informazioni aggiuntive o segnalazione [&hellip;]<\/p>\n","protected":false},"author":3,"featured_media":3314,"parent":3000,"menu_order":20,"comment_status":"closed","ping_status":"closed","template":"servizi.php","meta":{"content-type":"","inline_featured_image":false,"footnotes":""},"class_list":["post-2998","page","type-page","status-publish","has-post-thumbnail","hentry"],"acf":[],"_links":{"self":[{"href":"https:\/\/www.prismatech.it\/it\/wp-json\/wp\/v2\/pages\/2998","targetHints":{"allow":["GET"]}}],"collection":[{"href":"https:\/\/www.prismatech.it\/it\/wp-json\/wp\/v2\/pages"}],"about":[{"href":"https:\/\/www.prismatech.it\/it\/wp-json\/wp\/v2\/types\/page"}],"author":[{"embeddable":true,"href":"https:\/\/www.prismatech.it\/it\/wp-json\/wp\/v2\/users\/3"}],"replies":[{"embeddable":true,"href":"https:\/\/www.prismatech.it\/it\/wp-json\/wp\/v2\/comments?post=2998"}],"version-history":[{"count":31,"href":"https:\/\/www.prismatech.it\/it\/wp-json\/wp\/v2\/pages\/2998\/revisions"}],"predecessor-version":[{"id":9570,"href":"https:\/\/www.prismatech.it\/it\/wp-json\/wp\/v2\/pages\/2998\/revisions\/9570"}],"up":[{"embeddable":true,"href":"https:\/\/www.prismatech.it\/it\/wp-json\/wp\/v2\/pages\/3000"}],"wp:featuredmedia":[{"embeddable":true,"href":"https:\/\/www.prismatech.it\/it\/wp-json\/wp\/v2\/media\/3314"}],"wp:attachment":[{"href":"https:\/\/www.prismatech.it\/it\/wp-json\/wp\/v2\/media?parent=2998"}],"curies":[{"name":"wp","href":"https:\/\/api.w.org\/{rel}","templated":true}]}}