{"id":11631,"date":"2026-04-22T15:47:43","date_gmt":"2026-04-22T13:47:43","guid":{"rendered":"https:\/\/www.prismatech.it\/it\/?page_id=11631"},"modified":"2026-04-22T17:36:49","modified_gmt":"2026-04-22T15:36:49","slug":"chi-siamo","status":"publish","type":"page","link":"https:\/\/www.prismatech.it\/it\/azienda\/azienda-impianti-inox-parma\/","title":{"rendered":"Chi siamo"},"content":{"rendered":"<div class=\"wpb-content-wrapper\"><p><\/p>\n<p>[vc_row full_width=&#8221;stretch_row_content_no_spaces&#8221; el_class=&#8221;mt-neg-80 mb-60&#8243;][vc_column][vc_single_image image=&#8221;11580&#8243; img_size=&#8221;full&#8221; alignment=&#8221;center&#8221; css=&#8221;&#8221; el_class=&#8221;mb-0&#8243;][\/vc_column][\/vc_row][vc_row content_placement=&#8221;middle&#8221; el_class=&#8221;mb-60&#8243;][vc_column width=&#8221;1\/2&#8243;][vc_single_image image=&#8221;11577&#8243; img_size=&#8221;full&#8221; alignment=&#8221;center&#8221; css=&#8221;&#8221; el_class=&#8221;mb-0 mb-xs-30&#8243;][\/vc_column][vc_column width=&#8221;1\/2&#8243;][vc_custom_heading text=&#8221;PRISMATECH \u00c8&#8230;&#8221; font_container=&#8221;tag:h2|font_size:48|text_align:left|line_height:56px&#8221; use_theme_fonts=&#8221;yes&#8221; css=&#8221;&#8221; el_class=&#8221;titolo-h2 mb-10&#8243;][vc_row_inner el_class=&#8221;pt-20 pb-20 pl-15 pr-15&#8243;][vc_column_inner width=&#8221;1\/6&#8243;][vc_icon icon_fontawesome=&#8221;fa fa-solid fa-pen-ruler&#8221; color=&#8221;custom&#8221; align=&#8221;center&#8221; css=&#8221;&#8221; custom_color=&#8221;#012D5B&#8221; el_class=&#8221;mb-xs-0 text-xs-left&#8221;][\/vc_column_inner][vc_column_inner el_class=&#8221;pl-inner-0 pr-xs-20 pl-xs-20&#8243; width=&#8221;5\/6&#8243;][vc_custom_heading text=&#8221;Progettazione&#8221; font_container=&#8221;tag:h3|text_align:left&#8221; use_theme_fonts=&#8221;yes&#8221; css=&#8221;&#8221; el_class=&#8221;titolo-h3 mb-0&#8243;][vc_column_text css=&#8221;&#8221; el_class=&#8221;mb-0&#8243;]Linee sviluppate sul ciclo di lavorazione, con layout ottimizzati e massima coerenza funzionale.[\/vc_column_text][\/vc_column_inner][\/vc_row_inner][vc_row_inner equal_height=&#8221;yes&#8221; el_class=&#8221;pl-15 pr-15&#8243;][vc_column_inner el_class=&#8221;bg-grigio-chiaro pt-20 pb-20 pb-xs-0&#8243; width=&#8221;1\/6&#8243;][vc_icon icon_fontawesome=&#8221;fa fa-solid fa-hammer&#8221; color=&#8221;custom&#8221; align=&#8221;center&#8221; css=&#8221;&#8221; custom_color=&#8221;#012D5B&#8221; el_class=&#8221;mb-xs-0 text-xs-left&#8221;][\/vc_column_inner][vc_column_inner el_class=&#8221;bg-grigio-chiaro pt-20 pb-20 pl-inner-0 pt-xs-0 pr-xs-20 pl-xs-20&#8243; width=&#8221;5\/6&#8243;][vc_custom_heading text=&#8221;Costruzione&#8221; font_container=&#8221;tag:h3|text_align:left&#8221; use_theme_fonts=&#8221;yes&#8221; css=&#8221;&#8221; el_class=&#8221;titolo-h3 mb-0&#8243;][vc_column_text css=&#8221;&#8221; el_class=&#8221;mb-0&#8243;]Materiali conformi e finiture tecniche realizzate secondo opzioni costruttive specifiche, per rispondere a ogni esigenza applicativa.[\/vc_column_text][\/vc_column_inner][\/vc_row_inner][vc_row_inner el_class=&#8221;pt-20 pb-20 pl-15 pr-15&#8243;][vc_column_inner width=&#8221;1\/6&#8243;][vc_icon icon_fontawesome=&#8221;fa fa-solid fa-truck-ramp-box&#8221; color=&#8221;custom&#8221; align=&#8221;center&#8221; css=&#8221;&#8221; custom_color=&#8221;#012D5B&#8221; el_class=&#8221;mb-xs-0 text-xs-left&#8221;][\/vc_column_inner][vc_column_inner el_class=&#8221;pl-inner-0 pr-xs-20 pl-xs-20&#8243; width=&#8221;5\/6&#8243;][vc_custom_heading text=&#8221;Installazione&#8221; font_container=&#8221;tag:h3|text_align:left&#8221; use_theme_fonts=&#8221;yes&#8221; css=&#8221;&#8221; el_class=&#8221;titolo-h3 mb-0&#8243;][vc_column_text css=&#8221;&#8221; el_class=&#8221;mb-0&#8243;]Supporto in loco in tutto il mondo, con sistemi interconnessi a macchinari e software di stabilimento.[\/vc_column_text][\/vc_column_inner][\/vc_row_inner][vc_row_inner equal_height=&#8221;yes&#8221; el_class=&#8221;pl-15 pr-15&#8243;][vc_column_inner el_class=&#8221;bg-grigio-chiaro pt-20 pb-20 pb-xs-0&#8243; width=&#8221;1\/6&#8243;][vc_icon icon_fontawesome=&#8221;fa fa-solid fa-handshake-angle&#8221; color=&#8221;custom&#8221; align=&#8221;center&#8221; css=&#8221;&#8221; custom_color=&#8221;#012D5B&#8221; el_class=&#8221;mb-xs-0 text-xs-left&#8221;][\/vc_column_inner][vc_column_inner el_class=&#8221;bg-grigio-chiaro pt-20 pb-20 pl-inner-0 pt-xs-0 pr-xs-20 pl-xs-20&#8243; width=&#8221;5\/6&#8243;][vc_custom_heading text=&#8221;Assistenza&#8221; font_container=&#8221;tag:h3|text_align:left&#8221; use_theme_fonts=&#8221;yes&#8221; css=&#8221;&#8221; el_class=&#8221;titolo-h3 mb-0&#8243;][vc_column_text css=&#8221;&#8221; el_class=&#8221;mb-0&#8243;]Formazione specifica e supporto continuo, anche da remoto.[\/vc_column_text][\/vc_column_inner][\/vc_row_inner][\/vc_column][\/vc_row][vc_row el_class=&#8221;mb-60&#8243;][vc_column width=&#8221;1\/2&#8243;][vc_column_text css=&#8221;&#8221; el_class=&#8221;mb-0&#8243;]PRISMATECH \u00e8 un\u2019azienda italiana con sede a Parma, nel cuore della Food Valley, specializzata nello sviluppo di impianti in acciaio inox per l\u2019industria alimentare, delle bevande, chimica e per il trattamento delle acque.[\/vc_column_text][\/vc_column][vc_column width=&#8221;1\/2&#8243;][vc_column_text css=&#8221;&#8221; el_class=&#8221;mb-0&#8243;]Fondata nel 2007 da Tiziano Bernini, nasce da oltre quarant\u2019anni di esperienza diretta nel settore e si \u00e8 evoluta nel tempo attraverso un approccio tecnico rigoroso e un orientamento costante all\u2019innovazione, alla sostenibilit\u00e0 e alla qualit\u00e0 dei risultati.[\/vc_column_text][\/vc_column][\/vc_row][vc_row full_width=&#8221;stretch_row&#8221; el_class=&#8221;bg-color-secondario pt-80 pb-80 mb-60&#8243;][vc_column][vc_custom_heading text=&#8221;DA OLTRE 15 ANNI ACCOMPAGNIAMO LA CRESCITA DI AZIENDE CHE INNOVANO&#8221; font_container=&#8221;tag:h3|text_align:center|color:%23FFFFFF&#8221; use_theme_fonts=&#8221;yes&#8221; css=&#8221;&#8221; el_class=&#8221;titolo-h3 text-bold mb-0&#8243;][\/vc_column][\/vc_row][vc_row content_placement=&#8221;middle&#8221; el_class=&#8221;mb-60&#8243;][vc_column width=&#8221;1\/2&#8243;][vc_single_image image=&#8221;11610&#8243; img_size=&#8221;full&#8221; alignment=&#8221;center&#8221; css=&#8221;&#8221; el_class=&#8221;mb-0 mb-xs-30&#8243;][\/vc_column][vc_column width=&#8221;1\/2&#8243;][vc_custom_heading text=&#8221;DALLA FUNZIONE ALLA SOLUZIONE PERSONALIZZATA&#8221; font_container=&#8221;tag:h2|font_size:48|text_align:left|line_height:56px&#8221; use_theme_fonts=&#8221;yes&#8221; css=&#8221;&#8221; el_class=&#8221;titolo-h2 mb-25&#8243;][vc_column_text css=&#8221;&#8221; el_class=&#8221;mb-0&#8243;]Ogni impianto \u00e8 pensato per rispondere in modo preciso alle condizioni reali di utilizzo, integrandosi con efficienza nelle configurazioni e nei flussi produttivi del cliente. L\u2019impiego di materiali certificati e il rispetto degli standard igienico-sanitari internazionali garantiscono stabilit\u00e0 operativa e affidabilit\u00e0 nel lungo periodo. Oggi PRISMATECH affianca aziende leader, grandi gruppi industriali e nuove realt\u00e0 imprenditoriali, offrendo soluzioni flessibili, collaudate e su misura per i mercati globali.[\/vc_column_text][\/vc_column][\/vc_row][vc_row content_placement=&#8221;middle&#8221; el_class=&#8221;flex-xs-column-reverse mb-60&#8243; el_id=&#8221;rowValoriIcone&#8221;][vc_column width=&#8221;1\/2&#8243;][vc_custom_heading text=&#8221;I VALORI CHE CI GUIDANO&#8221; font_container=&#8221;tag:h2|font_size:48|text_align:left|line_height:56px&#8221; use_theme_fonts=&#8221;yes&#8221; css=&#8221;&#8221; el_class=&#8221;titolo-h2 mb-30&#8243;][vc_column_text css=&#8221;&#8221; el_class=&#8221;mb-30&#8243;]La nostra identit\u00e0 si riflette in ogni scelta tecnica, organizzativa e produttiva.[\/vc_column_text][vc_row_inner][vc_column_inner width=&#8221;1\/3&#8243;][vc_icon icon_fontawesome=&#8221;fa fa-solid fa-gears&#8221; color=&#8221;custom&#8221; size=&#8221;xl&#8221; css=&#8221;&#8221; custom_color=&#8221;#012D5B&#8221; el_class=&#8221;icona-valori mb-10&#8243;][vc_custom_heading text=&#8221;EFFICIENZA&#8221; font_container=&#8221;tag:h3|text_align:left&#8221; use_theme_fonts=&#8221;yes&#8221; css=&#8221;&#8221; el_class=&#8221;titolo-h3 text-bold mb-10&#8243;][vc_column_text css=&#8221;&#8221; el_class=&#8221;mb-0 mb-xs-30&#8243;]Performance costanti, anche su produzioni complesse[\/vc_column_text][\/vc_column_inner][vc_column_inner width=&#8221;1\/3&#8243;][vc_icon icon_fontawesome=&#8221;fa fa-solid fa-award&#8221; color=&#8221;custom&#8221; size=&#8221;xl&#8221; css=&#8221;&#8221; custom_color=&#8221;#012D5B&#8221; el_class=&#8221;icona-valori mb-10&#8243;][vc_custom_heading text=&#8221;QUALIT\u00c0&#8221; font_container=&#8221;tag:h3|text_align:left&#8221; use_theme_fonts=&#8221;yes&#8221; css=&#8221;&#8221; el_class=&#8221;titolo-h3 text-bold mb-10&#8243;][vc_column_text css=&#8221;&#8221; el_class=&#8221;mb-0 mb-xs-30&#8243;]Standard elevati, verificati e costanti nel tempo.[\/vc_column_text][\/vc_column_inner][vc_column_inner width=&#8221;1\/3&#8243;][vc_icon icon_fontawesome=&#8221;fa fa-solid fa-leaf&#8221; color=&#8221;custom&#8221; size=&#8221;xl&#8221; css=&#8221;&#8221; custom_color=&#8221;#012D5B&#8221; el_class=&#8221;icona-valori mb-10&#8243;][vc_custom_heading text=&#8221;AMBIENTE&#8221; font_container=&#8221;tag:h3|text_align:left&#8221; use_theme_fonts=&#8221;yes&#8221; css=&#8221;&#8221; el_class=&#8221;titolo-h3 text-bold mb-10&#8243;][vc_column_text css=&#8221;&#8221; el_class=&#8221;mb-0&#8243;]Soluzioni sostenibili, pensate per l\u2019industria responsabile.[\/vc_column_text][\/vc_column_inner][\/vc_row_inner][\/vc_column][vc_column width=&#8221;1\/2&#8243;][vc_single_image image=&#8221;11619&#8243; img_size=&#8221;full&#8221; alignment=&#8221;center&#8221; css=&#8221;&#8221; el_class=&#8221;mb-0 mb-xs-30&#8243;][\/vc_column][\/vc_row][vc_row full_width=&#8221;stretch_row&#8221; content_placement=&#8221;middle&#8221; el_class=&#8221;bg-grigio-chiaro pt-80 pb-80&#8243;][vc_column width=&#8221;5\/6&#8243;][vc_custom_heading text=&#8221;LA NOSTRA SEDE: UN AMBIENTE PER PROGETTARE IL FUTURO.&#8221; font_container=&#8221;tag:h3|text_align:left&#8221; use_theme_fonts=&#8221;yes&#8221; css=&#8221;&#8221; el_class=&#8221;titolo-h3 text-bold mb-0 text-xs-center mb-xs-30&#8243;][\/vc_column][vc_column width=&#8221;1\/6&#8243;][vc_btn title=&#8221;Scopri&#8221; align=&#8221;right&#8221; css=&#8221;&#8221; el_class=&#8221;btn-primario mb-0 text-xs-center&#8221; link=&#8221;url:https%3A%2F%2Fwww.prismatech.it%2Fit%2Fazienda%2Fsede-prismatech-parma%2F|title:Sede&#8221;][\/vc_column][\/vc_row]<\/p>\n<p><\/p>\n<\/div>","protected":false},"excerpt":{"rendered":"<p>[vc_row full_width=&#8221;stretch_row_content_no_spaces&#8221; el_class=&#8221;mt-neg-80 mb-60&#8243;][vc_column][vc_single_image image=&#8221;11580&#8243; img_size=&#8221;full&#8221; alignment=&#8221;center&#8221; css=&#8221;&#8221; el_class=&#8221;mb-0&#8243;][\/vc_column][\/vc_row][vc_row content_placement=&#8221;middle&#8221; el_class=&#8221;mb-60&#8243;][vc_column width=&#8221;1\/2&#8243;][vc_single_image image=&#8221;11577&#8243; img_size=&#8221;full&#8221; alignment=&#8221;center&#8221; css=&#8221;&#8221; el_class=&#8221;mb-0 mb-xs-30&#8243;][\/vc_column][vc_column width=&#8221;1\/2&#8243;][vc_custom_heading text=&#8221;PRISMATECH \u00c8&#8230;&#8221; font_container=&#8221;tag:h2|font_size:48|text_align:left|line_height:56px&#8221; use_theme_fonts=&#8221;yes&#8221; css=&#8221;&#8221; el_class=&#8221;titolo-h2 mb-10&#8243;][vc_row_inner el_class=&#8221;pt-20 pb-20 pl-15 pr-15&#8243;][vc_column_inner width=&#8221;1\/6&#8243;][vc_icon icon_fontawesome=&#8221;fa fa-solid fa-pen-ruler&#8221; color=&#8221;custom&#8221; align=&#8221;center&#8221; css=&#8221;&#8221; custom_color=&#8221;#012D5B&#8221; el_class=&#8221;mb-xs-0 text-xs-left&#8221;][\/vc_column_inner][vc_column_inner el_class=&#8221;pl-inner-0 pr-xs-20 pl-xs-20&#8243; width=&#8221;5\/6&#8243;][vc_custom_heading text=&#8221;Progettazione&#8221; font_container=&#8221;tag:h3|text_align:left&#8221; use_theme_fonts=&#8221;yes&#8221; css=&#8221;&#8221; el_class=&#8221;titolo-h3 mb-0&#8243;][vc_column_text css=&#8221;&#8221; el_class=&#8221;mb-0&#8243;]Linee sviluppate sul ciclo [&hellip;]<\/p>\n","protected":false},"author":3,"featured_media":0,"parent":11541,"menu_order":2,"comment_status":"closed","ping_status":"closed","template":"pagina-composer.php","meta":{"content-type":"","inline_featured_image":false,"footnotes":""},"class_list":["post-11631","page","type-page","status-publish","hentry"],"acf":[],"_links":{"self":[{"href":"https:\/\/www.prismatech.it\/it\/wp-json\/wp\/v2\/pages\/11631","targetHints":{"allow":["GET"]}}],"collection":[{"href":"https:\/\/www.prismatech.it\/it\/wp-json\/wp\/v2\/pages"}],"about":[{"href":"https:\/\/www.prismatech.it\/it\/wp-json\/wp\/v2\/types\/page"}],"author":[{"embeddable":true,"href":"https:\/\/www.prismatech.it\/it\/wp-json\/wp\/v2\/users\/3"}],"replies":[{"embeddable":true,"href":"https:\/\/www.prismatech.it\/it\/wp-json\/wp\/v2\/comments?post=11631"}],"version-history":[{"count":36,"href":"https:\/\/www.prismatech.it\/it\/wp-json\/wp\/v2\/pages\/11631\/revisions"}],"predecessor-version":[{"id":12393,"href":"https:\/\/www.prismatech.it\/it\/wp-json\/wp\/v2\/pages\/11631\/revisions\/12393"}],"up":[{"embeddable":true,"href":"https:\/\/www.prismatech.it\/it\/wp-json\/wp\/v2\/pages\/11541"}],"wp:attachment":[{"href":"https:\/\/www.prismatech.it\/it\/wp-json\/wp\/v2\/media?parent=11631"}],"curies":[{"name":"wp","href":"https:\/\/api.w.org\/{rel}","templated":true}]}}